{"id":26758,"date":"2025-09-13T12:29:18","date_gmt":"2025-09-13T10:29:18","guid":{"rendered":"https:\/\/www.mostundjazz.com\/w\/?page_id=26758"},"modified":"2025-09-13T13:14:41","modified_gmt":"2025-09-13T11:14:41","slug":"home","status":"publish","type":"page","link":"https:\/\/www.mostundjazz.com\/w\/","title":{"rendered":"Home2026pre"},"content":{"rendered":"\t\t<div data-elementor-type=\"wp-page\" data-elementor-id=\"26758\" class=\"elementor elementor-26758\" data-elementor-post-type=\"page\">\n\t\t\t\t\t\t<section class=\"elementor-section elementor-top-section elementor-element elementor-element-22209fdb elementor-section-full_width elementor-section-height-default elementor-section-height-default\" data-id=\"22209fdb\" data-element_type=\"section\" data-e-type=\"section\">\n\t\t\t\t\t\t<div class=\"elementor-container elementor-column-gap-default\">\n\t\t\t\t\t<div class=\"elementor-column elementor-col-100 elementor-top-column elementor-element elementor-element-6f594f7b elementor-invisible\" data-id=\"6f594f7b\" data-element_type=\"column\" data-e-type=\"column\" data-settings=\"{&quot;animation&quot;:&quot;fadeIn&quot;}\">\n\t\t\t<div class=\"elementor-widget-wrap elementor-element-populated\">\n\t\t\t\t\t\t<div class=\"elementor-element elementor-element-5e3fb7aa elementor-widget elementor-widget-heading\" data-id=\"5e3fb7aa\" data-element_type=\"widget\" data-e-type=\"widget\" data-widget_type=\"heading.default\">\n\t\t\t\t<div class=\"elementor-widget-container\">\n\t\t\t\t\t<h1 class=\"elementor-heading-title elementor-size-default\">Most+jazz<\/h1>\t\t\t\t<\/div>\n\t\t\t\t<\/div>\n\t\t\t\t\t<\/div>\n\t\t<\/div>\n\t\t\t\t\t<\/div>\n\t\t<\/section>\n\t\t\t\t<section class=\"elementor-section elementor-top-section elementor-element elementor-element-546b06d elementor-section-boxed elementor-section-height-default elementor-section-height-default\" data-id=\"546b06d\" data-element_type=\"section\" data-e-type=\"section\">\n\t\t\t\t\t\t<div class=\"elementor-container elementor-column-gap-default\">\n\t\t\t\t\t<div class=\"elementor-column elementor-col-50 elementor-top-column elementor-element elementor-element-2c80c84\" data-id=\"2c80c84\" data-element_type=\"column\" data-e-type=\"column\">\n\t\t\t<div class=\"elementor-widget-wrap\">\n\t\t\t\t\t\t\t<\/div>\n\t\t<\/div>\n\t\t\t\t<div class=\"elementor-column elementor-col-50 elementor-top-column elementor-element elementor-element-8723ad7\" data-id=\"8723ad7\" data-element_type=\"column\" data-e-type=\"column\">\n\t\t\t<div class=\"elementor-widget-wrap\">\n\t\t\t\t\t\t\t<\/div>\n\t\t<\/div>\n\t\t\t\t\t<\/div>\n\t\t<\/section>\n\t\t\t\t<section class=\"elementor-section elementor-top-section elementor-element elementor-element-1f236d3 elementor-section-boxed elementor-section-height-default elementor-section-height-default\" data-id=\"1f236d3\" data-element_type=\"section\" data-e-type=\"section\">\n\t\t\t\t\t\t<div class=\"elementor-container elementor-column-gap-default\">\n\t\t\t\t\t<div class=\"elementor-column elementor-col-100 elementor-top-column elementor-element elementor-element-012f20c\" data-id=\"012f20c\" data-element_type=\"column\" data-e-type=\"column\">\n\t\t\t<div class=\"elementor-widget-wrap elementor-element-populated\">\n\t\t\t\t\t\t<div class=\"elementor-element elementor-element-cd8b281 elementor-widget elementor-widget-text-editor\" data-id=\"cd8b281\" data-element_type=\"widget\" data-e-type=\"widget\" data-widget_type=\"text-editor.default\">\n\t\t\t\t<div class=\"elementor-widget-container\">\n\t\t\t\t\t\t\t\t\t<p>Das war Most+Jazz 2025<\/p>\t\t\t\t\t\t\t\t<\/div>\n\t\t\t\t<\/div>\n\t\t\t\t<div class=\"elementor-element elementor-element-513b024 elementor-widget elementor-widget-video\" data-id=\"513b024\" data-element_type=\"widget\" data-e-type=\"widget\" data-settings=\"{&quot;youtube_url&quot;:&quot;https:\\\/\\\/youtu.be\\\/ZhGEXsPJYrY?si=JZDqJABq7ybyX5xX&quot;,&quot;autoplay&quot;:&quot;yes&quot;,&quot;loop&quot;:&quot;yes&quot;,&quot;start&quot;:2,&quot;video_type&quot;:&quot;youtube&quot;,&quot;controls&quot;:&quot;yes&quot;}\" data-widget_type=\"video.default\">\n\t\t\t\t<div class=\"elementor-widget-container\">\n\t\t\t\t\t\t\t<div class=\"elementor-wrapper elementor-open-inline\">\n\t\t\t<div class=\"elementor-video\"><\/div>\t\t<\/div>\n\t\t\t\t\t\t<\/div>\n\t\t\t\t<\/div>\n\t\t\t\t<div class=\"elementor-element elementor-element-0040fc0 elementor-widget elementor-widget-text-editor\" data-id=\"0040fc0\" data-element_type=\"widget\" data-e-type=\"widget\" data-widget_type=\"text-editor.default\">\n\t\t\t\t<div class=\"elementor-widget-container\">\n\t\t\t\t\t\t\t\t\t<h5><strong>M+J Lineup 2025:<\/strong>\u00a0Marianne Mendt &amp; Sextett \/\/ &#8222;SIR&#8220; Oliver Mally Group &amp; Peter Schneider feat. Martin Gasselsberger <br \/>\/\/ Peter Lenz\u00a0 Ensemble \/\/ Big Band Bad Gleichenberg \/\/ Following Footsteps \/\/ Katatropic \/\/ Lukas Oscar <br \/>\/\/ Buntspecht \/\/ Old School Basterds &amp; Holy Horns \/\/ Christopher Seiler &amp; Ernst Molden ft. Das Frauenorchester <br \/>\/\/ Gew\u00fcrztraminer \/\/ SOKO Dixie \/\/ Gospelprojekt der Musikschule Gnas \/\/ DJ Peta \/\/ Cooler Hansi \/\/ u.v.m.<\/h5>\t\t\t\t\t\t\t\t<\/div>\n\t\t\t\t<\/div>\n\t\t\t\t<div class=\"elementor-element elementor-element-386da52 elementor-widget elementor-widget-text-editor\" data-id=\"386da52\" data-element_type=\"widget\" data-e-type=\"widget\" data-widget_type=\"text-editor.default\">\n\t\t\t\t<div class=\"elementor-widget-container\">\n\t\t\t\t\t\t\t\t\t<h3 style=\"text-align: center;\">Wir freuen uns auf Most+Jazz 2026 &#8211; 11. &#8211; 13. September 2026 &#8211; Stadt Fehring<\/h3>\t\t\t\t\t\t\t\t<\/div>\n\t\t\t\t<\/div>\n\t\t\t\t\t<\/div>\n\t\t<\/div>\n\t\t\t\t\t<\/div>\n\t\t<\/section>\n\t\t<div class=\"elementor-element elementor-element-ca619cb e-flex e-con-boxed e-con e-parent\" data-id=\"ca619cb\" data-element_type=\"container\" data-e-type=\"container\">\n\t\t\t\t\t<div class=\"e-con-inner\">\n\t\t\t\t<div class=\"elementor-element elementor-element-b84dfc5 elementor-widget__width-initial elementor-widget elementor-widget-image\" data-id=\"b84dfc5\" data-element_type=\"widget\" data-e-type=\"widget\" data-widget_type=\"image.default\">\n\t\t\t\t<div class=\"elementor-widget-container\">\n\t\t\t\t\t\t\t\t\t\t\t\t\t\t\t<img fetchpriority=\"high\" decoding=\"async\" width=\"724\" height=\"1024\" src=\"https:\/\/www.mostundjazz.com\/w\/wp-content\/uploads\/2025\/09\/Ankuendigung2026-724x1024.png\" class=\"attachment-large size-large wp-image-26763\" alt=\"\" srcset=\"https:\/\/www.mostundjazz.com\/w\/wp-content\/uploads\/2025\/09\/Ankuendigung2026-724x1024.png 724w, https:\/\/www.mostundjazz.com\/w\/wp-content\/uploads\/2025\/09\/Ankuendigung2026-212x300.png 212w, https:\/\/www.mostundjazz.com\/w\/wp-content\/uploads\/2025\/09\/Ankuendigung2026-768x1086.png 768w, https:\/\/www.mostundjazz.com\/w\/wp-content\/uploads\/2025\/09\/Ankuendigung2026-1086x1536.png 1086w, https:\/\/www.mostundjazz.com\/w\/wp-content\/uploads\/2025\/09\/Ankuendigung2026-1448x2048.png 1448w, https:\/\/www.mostundjazz.com\/w\/wp-content\/uploads\/2025\/09\/Ankuendigung2026.png 1754w\" sizes=\"(max-width: 724px) 100vw, 724px\" \/>\t\t\t\t\t\t\t\t\t\t\t\t\t\t\t<\/div>\n\t\t\t\t<\/div>\n\t\t\t\t\t<\/div>\n\t\t\t\t<\/div>\n\t\t\t\t<\/div>\n\t\t","protected":false},"excerpt":{"rendered":"<p>Most+jazz Das war Most+Jazz 2025 M+J Lineup 2025:\u00a0Marianne Mendt &amp; Sextett \/\/ &#8222;SIR&#8220; Oliver Mally Group &amp; Peter Schneider feat. Martin Gasselsberger \/\/ Peter Lenz\u00a0 Ensemble \/\/ Big Band Bad Gleichenberg \/\/ Following Footsteps \/\/ Katatropic \/\/ Lukas Oscar \/\/ Buntspecht \/\/ Old School Basterds &amp; Holy Horns \/\/ Christopher Seiler &amp; Ernst Molden ft. [&hellip;]<\/p>\n","protected":false},"author":1,"featured_media":0,"parent":0,"menu_order":0,"comment_status":"closed","ping_status":"closed","template":"","meta":{"footnotes":""},"class_list":["post-26758","page","type-page","status-publish","hentry"],"yoast_head":"<!-- This site is optimized with the Yoast SEO plugin v25.7 - https:\/\/yoast.com\/wordpress\/plugins\/seo\/ -->\n<title>Home<\/title>\n<meta name=\"description\" content=\"Das international arrivierte seit mehr als 25 Jahren bestehende Jazzfestival in der Stadt Fehring z\u00e4hlt zu den gro\u00dfen Jazzfestivals in \u00d6sterreich und hat sich als \u00d6sterreichs gr\u00f6\u00dfter Open-Air-Jazzclub etabliert. Most+Jazz hat sich seit Anbeginn zur Aufgabe gemacht, einheimische Musiker mit internationalen G\u00e4sten und regionaler Kulinarik zu verbinden und diese Gr\u00f6\u00dfen der Szene im Rahmen eines Festes sehr familienfreundlich und ohne elit\u00e4re Barrieren dem Publikum zu pr\u00e4sentieren. Der Begriff \u201eMost\u201c in Most+Jazz versinnbildlicht die Regionalit\u00e4t im Rahmenprogramm, in der Kulinarik, bei den angebotenen Gastronomieprodukten. Vertreten sind Haubenk\u00f6che aus der Region, pr\u00e4mierte Moste, Biere, Gins und Milchprodukte. K\u00e4sereien, Brauereien, B\u00e4uer sowie Landessieger bei verschiedenen Produkten sorgen f\u00fcr angemessene Verpflegung bei qualitativ hochwertiger Musik.\" \/>\n<meta name=\"robots\" content=\"index, follow, max-snippet:-1, max-image-preview:large, max-video-preview:-1\" \/>\n<link rel=\"canonical\" href=\"https:\/\/www.mostundjazz.com\/w\/\" \/>\n<meta property=\"og:locale\" content=\"de_DE\" \/>\n<meta property=\"og:type\" content=\"article\" \/>\n<meta property=\"og:title\" content=\"Home\" \/>\n<meta property=\"og:description\" content=\"Das international arrivierte seit mehr als 25 Jahren bestehende Jazzfestival in der Stadt Fehring z\u00e4hlt zu den gro\u00dfen Jazzfestivals in \u00d6sterreich und hat sich als \u00d6sterreichs gr\u00f6\u00dfter Open-Air-Jazzclub etabliert. Most+Jazz hat sich seit Anbeginn zur Aufgabe gemacht, einheimische Musiker mit internationalen G\u00e4sten und regionaler Kulinarik zu verbinden und diese Gr\u00f6\u00dfen der Szene im Rahmen eines Festes sehr familienfreundlich und ohne elit\u00e4re Barrieren dem Publikum zu pr\u00e4sentieren. Der Begriff \u201eMost\u201c in Most+Jazz versinnbildlicht die Regionalit\u00e4t im Rahmenprogramm, in der Kulinarik, bei den angebotenen Gastronomieprodukten. Vertreten sind Haubenk\u00f6che aus der Region, pr\u00e4mierte Moste, Biere, Gins und Milchprodukte. K\u00e4sereien, Brauereien, B\u00e4uer sowie Landessieger bei verschiedenen Produkten sorgen f\u00fcr angemessene Verpflegung bei qualitativ hochwertiger Musik.\" \/>\n<meta property=\"og:url\" content=\"https:\/\/www.mostundjazz.com\/w\/\" \/>\n<meta property=\"og:site_name\" content=\"MOST + JAZZ\" \/>\n<meta property=\"article:publisher\" content=\"https:\/\/www.facebook.com\/MostundJazz\/\" \/>\n<meta property=\"article:modified_time\" content=\"2025-09-13T11:14:41+00:00\" \/>\n<meta property=\"og:image\" content=\"https:\/\/www.mostundjazz.com\/w\/wp-content\/uploads\/2025\/09\/Ankuendigung2026-724x1024.png\" \/>\n<meta name=\"twitter:card\" content=\"summary_large_image\" \/>\n<meta name=\"twitter:label1\" content=\"Gesch\u00e4tzte Lesezeit\" \/>\n\t<meta name=\"twitter:data1\" content=\"1\u00a0Minute\" \/>\n<script type=\"application\/ld+json\" class=\"yoast-schema-graph\">{\"@context\":\"https:\/\/schema.org\",\"@graph\":[{\"@type\":\"WebPage\",\"@id\":\"https:\/\/www.mostundjazz.com\/w\/\",\"url\":\"https:\/\/www.mostundjazz.com\/w\/\",\"name\":\"Home\",\"isPartOf\":{\"@id\":\"https:\/\/www.mostundjazz.com\/w\/#website\"},\"primaryImageOfPage\":{\"@id\":\"https:\/\/www.mostundjazz.com\/w\/#primaryimage\"},\"image\":{\"@id\":\"https:\/\/www.mostundjazz.com\/w\/#primaryimage\"},\"thumbnailUrl\":\"https:\/\/www.mostundjazz.com\/w\/wp-content\/uploads\/2025\/09\/Ankuendigung2026-724x1024.png\",\"datePublished\":\"2025-09-13T10:29:18+00:00\",\"dateModified\":\"2025-09-13T11:14:41+00:00\",\"description\":\"Das international arrivierte seit mehr als 25 Jahren bestehende Jazzfestival in der Stadt Fehring z\u00e4hlt zu den gro\u00dfen Jazzfestivals in \u00d6sterreich und hat sich als \u00d6sterreichs gr\u00f6\u00dfter Open-Air-Jazzclub etabliert. Most+Jazz hat sich seit Anbeginn zur Aufgabe gemacht, einheimische Musiker mit internationalen G\u00e4sten und regionaler Kulinarik zu verbinden und diese Gr\u00f6\u00dfen der Szene im Rahmen eines Festes sehr familienfreundlich und ohne elit\u00e4re Barrieren dem Publikum zu pr\u00e4sentieren. Der Begriff \u201eMost\u201c in Most+Jazz versinnbildlicht die Regionalit\u00e4t im Rahmenprogramm, in der Kulinarik, bei den angebotenen Gastronomieprodukten. Vertreten sind Haubenk\u00f6che aus der Region, pr\u00e4mierte Moste, Biere, Gins und Milchprodukte. K\u00e4sereien, Brauereien, B\u00e4uer sowie Landessieger bei verschiedenen Produkten sorgen f\u00fcr angemessene Verpflegung bei qualitativ hochwertiger Musik.\",\"breadcrumb\":{\"@id\":\"https:\/\/www.mostundjazz.com\/w\/#breadcrumb\"},\"inLanguage\":\"de\",\"potentialAction\":[{\"@type\":\"ReadAction\",\"target\":[\"https:\/\/www.mostundjazz.com\/w\/\"]}]},{\"@type\":\"ImageObject\",\"inLanguage\":\"de\",\"@id\":\"https:\/\/www.mostundjazz.com\/w\/#primaryimage\",\"url\":\"https:\/\/www.mostundjazz.com\/w\/wp-content\/uploads\/2025\/09\/Ankuendigung2026.png\",\"contentUrl\":\"https:\/\/www.mostundjazz.com\/w\/wp-content\/uploads\/2025\/09\/Ankuendigung2026.png\",\"width\":1754,\"height\":2480},{\"@type\":\"BreadcrumbList\",\"@id\":\"https:\/\/www.mostundjazz.com\/w\/#breadcrumb\",\"itemListElement\":[{\"@type\":\"ListItem\",\"position\":1,\"name\":\"Startseite\",\"item\":\"https:\/\/www.mostundjazz.com\/w\/\"},{\"@type\":\"ListItem\",\"position\":2,\"name\":\"Home2026pre\"}]},{\"@type\":\"WebSite\",\"@id\":\"https:\/\/www.mostundjazz.com\/w\/#website\",\"url\":\"https:\/\/www.mostundjazz.com\/w\/\",\"name\":\"MOST + JAZZ\",\"description\":\"Stadt Fehring\",\"publisher\":{\"@id\":\"https:\/\/www.mostundjazz.com\/w\/#organization\"},\"potentialAction\":[{\"@type\":\"SearchAction\",\"target\":{\"@type\":\"EntryPoint\",\"urlTemplate\":\"https:\/\/www.mostundjazz.com\/w\/?s={search_term_string}\"},\"query-input\":{\"@type\":\"PropertyValueSpecification\",\"valueRequired\":true,\"valueName\":\"search_term_string\"}}],\"inLanguage\":\"de\"},{\"@type\":\"Organization\",\"@id\":\"https:\/\/www.mostundjazz.com\/w\/#organization\",\"name\":\"MOST + JAZZ\",\"url\":\"https:\/\/www.mostundjazz.com\/w\/\",\"logo\":{\"@type\":\"ImageObject\",\"inLanguage\":\"de\",\"@id\":\"https:\/\/www.mostundjazz.com\/w\/#\/schema\/logo\/image\/\",\"url\":\"https:\/\/www.mostundjazz.com\/w\/wp-content\/uploads\/2021\/11\/mostjazz_t.png\",\"contentUrl\":\"https:\/\/www.mostundjazz.com\/w\/wp-content\/uploads\/2021\/11\/mostjazz_t.png\",\"width\":1126,\"height\":1107,\"caption\":\"MOST + JAZZ\"},\"image\":{\"@id\":\"https:\/\/www.mostundjazz.com\/w\/#\/schema\/logo\/image\/\"},\"sameAs\":[\"https:\/\/www.facebook.com\/MostundJazz\/\",\"https:\/\/www.instagram.com\/mostundjazz\"]}]}<\/script>\n<!-- \/ Yoast SEO plugin. -->","yoast_head_json":{"title":"Home","description":"Das international arrivierte seit mehr als 25 Jahren bestehende Jazzfestival in der Stadt Fehring z\u00e4hlt zu den gro\u00dfen Jazzfestivals in \u00d6sterreich und hat sich als \u00d6sterreichs gr\u00f6\u00dfter Open-Air-Jazzclub etabliert. Most+Jazz hat sich seit Anbeginn zur Aufgabe gemacht, einheimische Musiker mit internationalen G\u00e4sten und regionaler Kulinarik zu verbinden und diese Gr\u00f6\u00dfen der Szene im Rahmen eines Festes sehr familienfreundlich und ohne elit\u00e4re Barrieren dem Publikum zu pr\u00e4sentieren. Der Begriff \u201eMost\u201c in Most+Jazz versinnbildlicht die Regionalit\u00e4t im Rahmenprogramm, in der Kulinarik, bei den angebotenen Gastronomieprodukten. Vertreten sind Haubenk\u00f6che aus der Region, pr\u00e4mierte Moste, Biere, Gins und Milchprodukte. K\u00e4sereien, Brauereien, B\u00e4uer sowie Landessieger bei verschiedenen Produkten sorgen f\u00fcr angemessene Verpflegung bei qualitativ hochwertiger Musik.","robots":{"index":"index","follow":"follow","max-snippet":"max-snippet:-1","max-image-preview":"max-image-preview:large","max-video-preview":"max-video-preview:-1"},"canonical":"https:\/\/www.mostundjazz.com\/w\/","og_locale":"de_DE","og_type":"article","og_title":"Home","og_description":"Das international arrivierte seit mehr als 25 Jahren bestehende Jazzfestival in der Stadt Fehring z\u00e4hlt zu den gro\u00dfen Jazzfestivals in \u00d6sterreich und hat sich als \u00d6sterreichs gr\u00f6\u00dfter Open-Air-Jazzclub etabliert. Most+Jazz hat sich seit Anbeginn zur Aufgabe gemacht, einheimische Musiker mit internationalen G\u00e4sten und regionaler Kulinarik zu verbinden und diese Gr\u00f6\u00dfen der Szene im Rahmen eines Festes sehr familienfreundlich und ohne elit\u00e4re Barrieren dem Publikum zu pr\u00e4sentieren. Der Begriff \u201eMost\u201c in Most+Jazz versinnbildlicht die Regionalit\u00e4t im Rahmenprogramm, in der Kulinarik, bei den angebotenen Gastronomieprodukten. Vertreten sind Haubenk\u00f6che aus der Region, pr\u00e4mierte Moste, Biere, Gins und Milchprodukte. K\u00e4sereien, Brauereien, B\u00e4uer sowie Landessieger bei verschiedenen Produkten sorgen f\u00fcr angemessene Verpflegung bei qualitativ hochwertiger Musik.","og_url":"https:\/\/www.mostundjazz.com\/w\/","og_site_name":"MOST + JAZZ","article_publisher":"https:\/\/www.facebook.com\/MostundJazz\/","article_modified_time":"2025-09-13T11:14:41+00:00","og_image":[{"url":"https:\/\/www.mostundjazz.com\/w\/wp-content\/uploads\/2025\/09\/Ankuendigung2026-724x1024.png","type":"","width":"","height":""}],"twitter_card":"summary_large_image","twitter_misc":{"Gesch\u00e4tzte Lesezeit":"1\u00a0Minute"},"schema":{"@context":"https:\/\/schema.org","@graph":[{"@type":"WebPage","@id":"https:\/\/www.mostundjazz.com\/w\/","url":"https:\/\/www.mostundjazz.com\/w\/","name":"Home","isPartOf":{"@id":"https:\/\/www.mostundjazz.com\/w\/#website"},"primaryImageOfPage":{"@id":"https:\/\/www.mostundjazz.com\/w\/#primaryimage"},"image":{"@id":"https:\/\/www.mostundjazz.com\/w\/#primaryimage"},"thumbnailUrl":"https:\/\/www.mostundjazz.com\/w\/wp-content\/uploads\/2025\/09\/Ankuendigung2026-724x1024.png","datePublished":"2025-09-13T10:29:18+00:00","dateModified":"2025-09-13T11:14:41+00:00","description":"Das international arrivierte seit mehr als 25 Jahren bestehende Jazzfestival in der Stadt Fehring z\u00e4hlt zu den gro\u00dfen Jazzfestivals in \u00d6sterreich und hat sich als \u00d6sterreichs gr\u00f6\u00dfter Open-Air-Jazzclub etabliert. Most+Jazz hat sich seit Anbeginn zur Aufgabe gemacht, einheimische Musiker mit internationalen G\u00e4sten und regionaler Kulinarik zu verbinden und diese Gr\u00f6\u00dfen der Szene im Rahmen eines Festes sehr familienfreundlich und ohne elit\u00e4re Barrieren dem Publikum zu pr\u00e4sentieren. Der Begriff \u201eMost\u201c in Most+Jazz versinnbildlicht die Regionalit\u00e4t im Rahmenprogramm, in der Kulinarik, bei den angebotenen Gastronomieprodukten. Vertreten sind Haubenk\u00f6che aus der Region, pr\u00e4mierte Moste, Biere, Gins und Milchprodukte. K\u00e4sereien, Brauereien, B\u00e4uer sowie Landessieger bei verschiedenen Produkten sorgen f\u00fcr angemessene Verpflegung bei qualitativ hochwertiger Musik.","breadcrumb":{"@id":"https:\/\/www.mostundjazz.com\/w\/#breadcrumb"},"inLanguage":"de","potentialAction":[{"@type":"ReadAction","target":["https:\/\/www.mostundjazz.com\/w\/"]}]},{"@type":"ImageObject","inLanguage":"de","@id":"https:\/\/www.mostundjazz.com\/w\/#primaryimage","url":"https:\/\/www.mostundjazz.com\/w\/wp-content\/uploads\/2025\/09\/Ankuendigung2026.png","contentUrl":"https:\/\/www.mostundjazz.com\/w\/wp-content\/uploads\/2025\/09\/Ankuendigung2026.png","width":1754,"height":2480},{"@type":"BreadcrumbList","@id":"https:\/\/www.mostundjazz.com\/w\/#breadcrumb","itemListElement":[{"@type":"ListItem","position":1,"name":"Startseite","item":"https:\/\/www.mostundjazz.com\/w\/"},{"@type":"ListItem","position":2,"name":"Home2026pre"}]},{"@type":"WebSite","@id":"https:\/\/www.mostundjazz.com\/w\/#website","url":"https:\/\/www.mostundjazz.com\/w\/","name":"MOST + JAZZ","description":"Stadt Fehring","publisher":{"@id":"https:\/\/www.mostundjazz.com\/w\/#organization"},"potentialAction":[{"@type":"SearchAction","target":{"@type":"EntryPoint","urlTemplate":"https:\/\/www.mostundjazz.com\/w\/?s={search_term_string}"},"query-input":{"@type":"PropertyValueSpecification","valueRequired":true,"valueName":"search_term_string"}}],"inLanguage":"de"},{"@type":"Organization","@id":"https:\/\/www.mostundjazz.com\/w\/#organization","name":"MOST + JAZZ","url":"https:\/\/www.mostundjazz.com\/w\/","logo":{"@type":"ImageObject","inLanguage":"de","@id":"https:\/\/www.mostundjazz.com\/w\/#\/schema\/logo\/image\/","url":"https:\/\/www.mostundjazz.com\/w\/wp-content\/uploads\/2021\/11\/mostjazz_t.png","contentUrl":"https:\/\/www.mostundjazz.com\/w\/wp-content\/uploads\/2021\/11\/mostjazz_t.png","width":1126,"height":1107,"caption":"MOST + JAZZ"},"image":{"@id":"https:\/\/www.mostundjazz.com\/w\/#\/schema\/logo\/image\/"},"sameAs":["https:\/\/www.facebook.com\/MostundJazz\/","https:\/\/www.instagram.com\/mostundjazz"]}]}},"_links":{"self":[{"href":"https:\/\/www.mostundjazz.com\/w\/wp-json\/wp\/v2\/pages\/26758","targetHints":{"allow":["GET"]}}],"collection":[{"href":"https:\/\/www.mostundjazz.com\/w\/wp-json\/wp\/v2\/pages"}],"about":[{"href":"https:\/\/www.mostundjazz.com\/w\/wp-json\/wp\/v2\/types\/page"}],"author":[{"embeddable":true,"href":"https:\/\/www.mostundjazz.com\/w\/wp-json\/wp\/v2\/users\/1"}],"replies":[{"embeddable":true,"href":"https:\/\/www.mostundjazz.com\/w\/wp-json\/wp\/v2\/comments?post=26758"}],"version-history":[{"count":7,"href":"https:\/\/www.mostundjazz.com\/w\/wp-json\/wp\/v2\/pages\/26758\/revisions"}],"predecessor-version":[{"id":26768,"href":"https:\/\/www.mostundjazz.com\/w\/wp-json\/wp\/v2\/pages\/26758\/revisions\/26768"}],"wp:attachment":[{"href":"https:\/\/www.mostundjazz.com\/w\/wp-json\/wp\/v2\/media?parent=26758"}],"curies":[{"name":"wp","href":"https:\/\/api.w.org\/{rel}","templated":true}]}}